{"id":82,"date":"2023-03-28T13:29:50","date_gmt":"2023-03-28T11:29:50","guid":{"rendered":"http:\/\/deep-run-poker.com\/?page_id=82"},"modified":"2023-05-02T21:05:51","modified_gmt":"2023-05-02T19:05:51","slug":"classement-durable-des-casinos-et-cercles-de-jeux","status":"publish","type":"page","link":"https:\/\/deep-run-poker.com\/?page_id=82","title":{"rendered":"Classement durable des casinos et cercles de jeux"},"content":{"rendered":"\n<p>Le classement durable des casinos et cercles de jeux  a pour objet d\u2019\u00e9valuer leur Responsabilit\u00e9 soci\u00e9tale du Poker (RSP).<\/p>\n\n\n\n<p>Ce classement est exp\u00e9rimental.<br>Il a vocation \u00e0 s\u2019am\u00e9liorer avec le temps et les remarques des parties prenantes<br>Le respect de la r\u00e9glementation fran\u00e7aise n\u2019est pas un crit\u00e8re de notation, mais est un crit\u00e8re \u00e9liminatoire.<\/p>\n\n\n\n<p class=\"has-text-align-center\"><strong><em>Classement d\u00e9taill\u00e9 <a href=\"https:\/\/deep-run-poker.com\/wp-content\/uploads\/2023\/05\/Classement-casino-RSP-230502.pdf\" target=\"_blank\" rel=\"noreferrer noopener\">en cour de r\u00e9alisation<\/a><\/em><\/strong><\/p>\n\n\n\n<p>Et en attendant un classement un peu d\u00e9taill\u00e9, voici un classement des casinos fran\u00e7ais en termes de d\u00e9veloppement durable, bas\u00e9 sur diff\u00e9rents crit\u00e8res tels que la gestion environnementale, la responsabilit\u00e9 sociale et la durabilit\u00e9 \u00e9conomique fait par ChatGPT :<\/p>\n\n\n\n<ol class=\"wp-block-list\">\n<li><strong>Casino Barri\u00e8re Enghien-les-Bains <\/strong>: Le Casino Barri\u00e8re Enghien-les-Bains est consid\u00e9r\u00e9 comme l&#8217;un des casinos fran\u00e7ais les plus engag\u00e9s en mati\u00e8re de d\u00e9veloppement durable. Il a mis en place diverses initiatives pour r\u00e9duire son impact environnemental, notamment en mati\u00e8re de gestion de l&#8217;eau et de l&#8217;\u00e9nergie, de r\u00e9duction des d\u00e9chets et de promotion de la biodiversit\u00e9 locale. Il s&#8217;efforce \u00e9galement d&#8217;int\u00e9grer des pratiques sociales et \u00e9thiques dans ses op\u00e9rations, notamment en soutenant les associations locales et en promouvant la diversit\u00e9 et l&#8217;\u00e9galit\u00e9 des chances.<\/li>\n\n\n\n<li><strong>Casino Barri\u00e8re Deauville<\/strong> : Le Casino Barri\u00e8re Deauville, en Normandie, est \u00e9galement reconnu pour son engagement en mati\u00e8re de d\u00e9veloppement durable. Il a mis en place des initiatives pour promouvoir la gestion responsable de l&#8217;eau et de l&#8217;\u00e9nergie, ainsi que la r\u00e9duction des d\u00e9chets. Il s&#8217;efforce \u00e9galement de soutenir la biodiversit\u00e9 locale et de promouvoir des pratiques \u00e9thiques et socialement responsables dans ses op\u00e9rations.<\/li>\n\n\n\n<li><strong>Casino Barri\u00e8re Bordeaux <\/strong>: Le Casino Barri\u00e8re Bordeaux, en Nouvelle-Aquitaine, est engag\u00e9 dans le d\u00e9veloppement durable. Il met en \u0153uvre des initiatives pour r\u00e9duire son impact environnemental, notamment en mati\u00e8re de gestion de l&#8217;eau et de l&#8217;\u00e9nergie, de gestion des d\u00e9chets et de promotion de la biodiversit\u00e9. Il s&#8217;efforce \u00e9galement de promouvoir la responsabilit\u00e9 sociale et d&#8217;appuyer des causes locales.<\/li>\n\n\n\n<li><strong>Casino Partouche La Ciotat <\/strong>: Le Casino Partouche La Ciotat, dans la r\u00e9gion Provence-Alpes-C\u00f4te d&#8217;Azur, est \u00e9galement reconnu pour son engagement en mati\u00e8re de d\u00e9veloppement durable. Il met en \u0153uvre des initiatives pour promouvoir la gestion responsable de l&#8217;eau et de l&#8217;\u00e9nergie, ainsi que la r\u00e9duction des d\u00e9chets. Il s&#8217;efforce \u00e9galement d&#8217;int\u00e9grer des pratiques sociales et \u00e9thiques dans ses op\u00e9rations, notamment en soutenant les associations locales et en promouvant la diversit\u00e9 et l&#8217;\u00e9galit\u00e9 des chances.<\/li>\n\n\n\n<li><strong>Casino Barri\u00e8re Toulouse<\/strong> : Le Casino Barri\u00e8re Toulouse,  en Occitanie, est engag\u00e9 dans le d\u00e9veloppement durable. Il met en place des initiatives pour r\u00e9duire son impact environnemental, notamment en mati\u00e8re de gestion de l&#8217;eau et de l&#8217;\u00e9nergie, de gestion des d\u00e9chets et de promotion de la biodiversit\u00e9 locale. Il s&#8217;efforce \u00e9galement de promouvoir la responsabilit\u00e9 sociale et d&#8217;appuyer des causes locales.<\/li>\n<\/ol>\n","protected":false},"excerpt":{"rendered":"<p>Le classement durable des casinos et cercles de jeux a pour objet d\u2019\u00e9valuer leur Responsabilit\u00e9 soci\u00e9tale du Poker (RSP). Ce classement est exp\u00e9rimental.Il a vocation \u00e0 s\u2019am\u00e9liorer avec le temps et les remarques des parties prenantesLe respect de la r\u00e9glementation fran\u00e7aise n\u2019est pas un crit\u00e8re de notation, mais est un crit\u00e8re \u00e9liminatoire. Classement d\u00e9taill\u00e9 en&hellip; <a class=\"more-link\" href=\"https:\/\/deep-run-poker.com\/?page_id=82\">Continue reading <span class=\"screen-reader-text\">Classement durable des casinos et cercles de jeux<\/span><\/a><\/p>\n","protected":false},"author":1,"featured_media":0,"parent":0,"menu_order":0,"comment_status":"closed","ping_status":"closed","template":"","meta":{"footnotes":""},"class_list":["post-82","page","type-page","status-publish","hentry","entry"],"_links":{"self":[{"href":"https:\/\/deep-run-poker.com\/index.php?rest_route=\/wp\/v2\/pages\/82","targetHints":{"allow":["GET"]}}],"collection":[{"href":"https:\/\/deep-run-poker.com\/index.php?rest_route=\/wp\/v2\/pages"}],"about":[{"href":"https:\/\/deep-run-poker.com\/index.php?rest_route=\/wp\/v2\/types\/page"}],"author":[{"embeddable":true,"href":"https:\/\/deep-run-poker.com\/index.php?rest_route=\/wp\/v2\/users\/1"}],"replies":[{"embeddable":true,"href":"https:\/\/deep-run-poker.com\/index.php?rest_route=%2Fwp%2Fv2%2Fcomments&post=82"}],"version-history":[{"count":4,"href":"https:\/\/deep-run-poker.com\/index.php?rest_route=\/wp\/v2\/pages\/82\/revisions"}],"predecessor-version":[{"id":109,"href":"https:\/\/deep-run-poker.com\/index.php?rest_route=\/wp\/v2\/pages\/82\/revisions\/109"}],"wp:attachment":[{"href":"https:\/\/deep-run-poker.com\/index.php?rest_route=%2Fwp%2Fv2%2Fmedia&parent=82"}],"curies":[{"name":"wp","href":"https:\/\/api.w.org\/{rel}","templated":true}]}}