{"id":67,"date":"2023-03-28T10:40:24","date_gmt":"2023-03-28T08:40:24","guid":{"rendered":"http:\/\/deep-run-poker.com\/?page_id=67"},"modified":"2023-05-02T20:37:14","modified_gmt":"2023-05-02T18:37:14","slug":"classement-durable-des-sites-de-poker","status":"publish","type":"page","link":"https:\/\/deep-run-poker.com\/?page_id=67","title":{"rendered":"Classement durable des sites de poker"},"content":{"rendered":"\n<p>Le classement durable des sites de poker a pour objet d&#8217;\u00e9valuer la Responsabilit\u00e9 soci\u00e9tale du Poker (RSP) des sites de poker en ligne.<\/p>\n\n\n\n<p>Ce classement est exp\u00e9rimental.<br>Il a vocation \u00e0 s&#8217;am\u00e9liorer avec le temps et les remarques des parties prenantes<br>Le respect de la r\u00e9glementation fran\u00e7aise n&#8217;est pas un crit\u00e8re de notation, mais est un crit\u00e8re \u00e9liminatoire.<\/p>\n\n\n\n<p>Voici les 3 premiers du classement durable (au 27\/3\/23)<\/p>\n\n\n\n<ol class=\"wp-block-list\">\n<li><strong>PMU<\/strong><\/li>\n\n\n\n<li>FDJ<\/li>\n\n\n\n<li>Winamax<\/li>\n<\/ol>\n\n\n\n<p>Le d\u00e9tail du <a href=\"https:\/\/deep-run-poker.com\/wp-content\/uploads\/2023\/05\/Classement-site-poker-RSP-230327.pdf\" target=\"_blank\" rel=\"noreferrer noopener\">Classement des sites de poker<\/a><\/p>\n\n\n\n<p><\/p>\n\n\n\n<p><\/p>\n","protected":false},"excerpt":{"rendered":"<p>Le classement durable des sites de poker a pour objet d&#8217;\u00e9valuer la Responsabilit\u00e9 soci\u00e9tale du Poker (RSP) des sites de poker en ligne. Ce classement est exp\u00e9rimental.Il a vocation \u00e0 s&#8217;am\u00e9liorer avec le temps et les remarques des parties prenantesLe respect de la r\u00e9glementation fran\u00e7aise n&#8217;est pas un crit\u00e8re de notation, mais est un crit\u00e8re&hellip; <a class=\"more-link\" href=\"https:\/\/deep-run-poker.com\/?page_id=67\">Continue reading <span class=\"screen-reader-text\">Classement durable des sites de poker<\/span><\/a><\/p>\n","protected":false},"author":1,"featured_media":0,"parent":0,"menu_order":0,"comment_status":"closed","ping_status":"closed","template":"","meta":{"footnotes":""},"class_list":["post-67","page","type-page","status-publish","hentry","entry"],"_links":{"self":[{"href":"https:\/\/deep-run-poker.com\/index.php?rest_route=\/wp\/v2\/pages\/67","targetHints":{"allow":["GET"]}}],"collection":[{"href":"https:\/\/deep-run-poker.com\/index.php?rest_route=\/wp\/v2\/pages"}],"about":[{"href":"https:\/\/deep-run-poker.com\/index.php?rest_route=\/wp\/v2\/types\/page"}],"author":[{"embeddable":true,"href":"https:\/\/deep-run-poker.com\/index.php?rest_route=\/wp\/v2\/users\/1"}],"replies":[{"embeddable":true,"href":"https:\/\/deep-run-poker.com\/index.php?rest_route=%2Fwp%2Fv2%2Fcomments&post=67"}],"version-history":[{"count":5,"href":"https:\/\/deep-run-poker.com\/index.php?rest_route=\/wp\/v2\/pages\/67\/revisions"}],"predecessor-version":[{"id":105,"href":"https:\/\/deep-run-poker.com\/index.php?rest_route=\/wp\/v2\/pages\/67\/revisions\/105"}],"wp:attachment":[{"href":"https:\/\/deep-run-poker.com\/index.php?rest_route=%2Fwp%2Fv2%2Fmedia&parent=67"}],"curies":[{"name":"wp","href":"https:\/\/api.w.org\/{rel}","templated":true}]}}