{"id":28,"date":"2022-07-09T10:57:59","date_gmt":"2022-07-09T08:57:59","guid":{"rendered":"http:\/\/deep-run-poker.com\/?page_id=28"},"modified":"2023-03-27T23:05:50","modified_gmt":"2023-03-27T21:05:50","slug":"a-propos","status":"publish","type":"page","link":"https:\/\/deep-run-poker.com\/?page_id=28","title":{"rendered":"A propos"},"content":{"rendered":"\n<p>Ce site vient d&#8217;une r\u00e9flexion sur mon impact carbone alors que je m&#8217;appr\u00eate \u00e0 partir \u00e0 Vegas pour les wsop 2022.<\/p>\n\n\n\n<p>Joueur r\u00e9cr\u00e9atif mais passionn\u00e9 , je me questionne dans mon activit\u00e9 professionnelle sur les cons\u00e9quences environnementales. Difficile de faire abstraction du sujet quand on part du travail&#8230;<\/p>\n\n\n\n<p>Du coup&#8230; j&#8217;ai pos\u00e9 la question sur le <a rel=\"noreferrer noopener\" href=\"https:\/\/www.clubpoker.net\/forum-poker\/topic\/240508-las-vegas-vegas-compensation-carbone\/\" data-type=\"URL\" data-id=\"https:\/\/www.clubpoker.net\/forum-poker\/topic\/240508-las-vegas-vegas-compensation-carbone\/\" target=\"_blank\">site principal du poker en France<\/a>.<\/p>\n\n\n\n<p>et les r\u00e9actions n&#8217;ont pas tard\u00e9 !<\/p>\n\n\n\n<p>Il apparait que je ne suis pas le seul \u00e0 me questionner et qu&#8217;il est temps d&#8217;agir !<\/p>\n\n\n\n<p>et si nous lancions la RSE du poker : La RSP : <strong>Responsabilit\u00e9 Soci\u00e9tale du Poker<\/strong> ?<\/p>\n\n\n\n<p>Cedric<\/p>\n","protected":false},"excerpt":{"rendered":"<p>Ce site vient d&#8217;une r\u00e9flexion sur mon impact carbone alors que je m&#8217;appr\u00eate \u00e0 partir \u00e0 Vegas pour les wsop 2022. Joueur r\u00e9cr\u00e9atif mais passionn\u00e9 , je me questionne dans mon activit\u00e9 professionnelle sur les cons\u00e9quences environnementales. Difficile de faire abstraction du sujet quand on part du travail&#8230; Du coup&#8230; j&#8217;ai pos\u00e9 la question sur&hellip; <a class=\"more-link\" href=\"https:\/\/deep-run-poker.com\/?page_id=28\">Continue reading <span class=\"screen-reader-text\">A propos<\/span><\/a><\/p>\n","protected":false},"author":1,"featured_media":0,"parent":0,"menu_order":0,"comment_status":"closed","ping_status":"closed","template":"","meta":{"footnotes":""},"class_list":["post-28","page","type-page","status-publish","hentry","entry"],"_links":{"self":[{"href":"https:\/\/deep-run-poker.com\/index.php?rest_route=\/wp\/v2\/pages\/28","targetHints":{"allow":["GET"]}}],"collection":[{"href":"https:\/\/deep-run-poker.com\/index.php?rest_route=\/wp\/v2\/pages"}],"about":[{"href":"https:\/\/deep-run-poker.com\/index.php?rest_route=\/wp\/v2\/types\/page"}],"author":[{"embeddable":true,"href":"https:\/\/deep-run-poker.com\/index.php?rest_route=\/wp\/v2\/users\/1"}],"replies":[{"embeddable":true,"href":"https:\/\/deep-run-poker.com\/index.php?rest_route=%2Fwp%2Fv2%2Fcomments&post=28"}],"version-history":[{"count":4,"href":"https:\/\/deep-run-poker.com\/index.php?rest_route=\/wp\/v2\/pages\/28\/revisions"}],"predecessor-version":[{"id":61,"href":"https:\/\/deep-run-poker.com\/index.php?rest_route=\/wp\/v2\/pages\/28\/revisions\/61"}],"wp:attachment":[{"href":"https:\/\/deep-run-poker.com\/index.php?rest_route=%2Fwp%2Fv2%2Fmedia&parent=28"}],"curies":[{"name":"wp","href":"https:\/\/api.w.org\/{rel}","templated":true}]}}