{"id":25,"date":"2022-07-09T10:54:37","date_gmt":"2022-07-09T08:54:37","guid":{"rendered":"http:\/\/deep-run-poker.com\/?page_id=25"},"modified":"2025-04-25T18:04:54","modified_gmt":"2025-04-25T16:04:54","slug":"comment-agir-concretement","status":"publish","type":"page","link":"https:\/\/deep-run-poker.com\/?page_id=25","title":{"rendered":"Comment agir concr\u00e8tement ?"},"content":{"rendered":"\n<p>Vous voulez <strong>un poker durable<\/strong> ?<\/p>\n\n\n\n<p>Bravo&#8230; en lisant ces pages vous avez d\u00e9j\u00e0 fait le premier pas !<\/p>\n\n\n\n<p>Premier r\u00e9flexe&#8230; r\u00e9fl\u00e9chir ! Il n&#8217;existe pas de solution miracle. La bonne solution sera votre solution. <\/p>\n\n\n\n<p>Deuxi\u00e8me \u00e9tape&#8230; diminuer son impact !<\/p>\n\n\n\n<p>Ensuite, vous pouvez devenir influenceur&#8230; pour populariser la cause, expliquer la d\u00e9marche aux copains et copines et mettre la pression sur les diff\u00e9rentes parties prenantes.<\/p>\n\n\n\n<figure class=\"wp-block-image size-full\"><img loading=\"lazy\" decoding=\"async\" width=\"556\" height=\"504\" src=\"https:\/\/deep-run-poker.com\/wp-content\/uploads\/2023\/03\/essaient.jpg\" alt=\"\" class=\"wp-image-57\" srcset=\"https:\/\/deep-run-poker.com\/wp-content\/uploads\/2023\/03\/essaient.jpg 556w, https:\/\/deep-run-poker.com\/wp-content\/uploads\/2023\/03\/essaient-300x272.jpg 300w\" sizes=\"auto, (max-width: 556px) 100vw, 556px\" \/><\/figure>\n\n\n\n<p><strong>Et concr\u00e8tement ?<\/strong><\/p>\n\n\n\n<p>En tant que joueur, voici des actions concr\u00e8tes (certaines triviales, d&#8217;autres plus impactantes) que vous pouvez mettre en \u0153uvre.<\/p>\n\n\n\n<p><strong>Voyagez durable<\/strong><\/p>\n\n\n\n<ul class=\"wp-block-list\">\n<li>Privil\u00e9gier le train pour les transports<\/li>\n\n\n\n<li>Covoiturer (<a rel=\"noreferrer noopener\" href=\"https:\/\/www.blablacar.fr\/\" target=\"_blank\">blablacar.fr<\/a> ou autre)<\/li>\n\n\n\n<li>Utiliser <a href=\"https:\/\/citymapper.com\/\" target=\"_blank\" rel=\"noreferrer noopener\">https:\/\/citymapper.com\/<\/a> ou \u00e9quivalent<\/li>\n\n\n\n<li><a rel=\"noreferrer noopener\" href=\"https:\/\/www.goodplanet.org\/fr\/calculateurs-carbone\/\" target=\"_blank\">Calculer<\/a> son impact carbone<\/li>\n<\/ul>\n\n\n\n<p><\/p>\n\n\n\n<p><strong>Durable \u00e0 l&#8217;h\u00f4tel<\/strong><\/p>\n\n\n\n<p><\/p>\n\n\n\n<ul class=\"wp-block-list\">\n<li>Se pr\u00e9occuper de la d\u00e9marche <a rel=\"noreferrer noopener\" href=\"https:\/\/www.economie.gouv.fr\/entreprises\/responsabilite-societale-entreprises-rse\" target=\"_blank\">RSE<\/a> de son h\u00f4tel<\/li>\n\n\n\n<li>Profitez des initiatives de r\u00e9utilisation des serviettes et des draps qui peuvent \u00eatre propos\u00e9es par votre h\u00f4tel.<\/li>\n\n\n\n<li>N&#8217;oubliez pas d&#8217;\u00e9teindre toutes les lumi\u00e8res et tous les appareils \u00e9lectroniques lorsque vous quittez votre chambre <\/li>\n\n\n\n<li>Demandez un sac de recyclage pour votre chambre d&#8217;h\u00f4tel s&#8217;il n&#8217;y en a pas.<\/li>\n<\/ul>\n\n\n\n<p><\/p>\n\n\n\n<p><strong>Pendant l&#8217;\u00e9v\u00e9nement<\/strong><\/p>\n\n\n\n<p><\/p>\n\n\n\n<ul class=\"wp-block-list\">\n<li>Se pr\u00e9occuper de la d\u00e9marche RSE du casino ou cercle de jeux <\/li>\n\n\n\n<li>De la nourriture aux boissons, n&#8217;emportez que ce dont vous avez besoin lors d&#8217;\u00e9v\u00e9nements.<\/li>\n\n\n\n<li>Renvoyez votre badge et votre lani\u00e8re \u00e0 la cl\u00f4ture du tournoi pour les r\u00e9utiliser lors d&#8217;\u00e9v\u00e9nements futurs.<\/li>\n\n\n\n<li>Assurez-vous d&#8217;utiliser les bacs de recyclage disponible  sur place. <\/li>\n\n\n\n<li>BYOB (Bring Your Own Bottle) : Prendre sa gourde d&#8217;eau pour son tournoi<\/li>\n\n\n\n<li>Anticiper son encas (et \u00e9viter l&#8217;achat de barres chocolat\u00e9e \ud83d\ude09<\/li>\n<\/ul>\n\n\n\n<p><\/p>\n\n\n\n<p><\/p>\n\n\n\n<p><strong>Pour finir&#8230;<\/strong><\/p>\n\n\n\n<ul class=\"wp-block-list\">\n<li>Parler de la d\u00e9marche (et de <a rel=\"noreferrer noopener\" href=\"https:\/\/deep-run-poker.com\/\" target=\"_blank\">https:\/\/deep-run-poker.com\/<\/a>) autour de vous<\/li>\n\n\n\n<li>Enfin&#8230; quand on ne peut plus limiter son impact n\u00e9gatif&#8230; vous pouvez <a href=\"https:\/\/librairie.ademe.fr\/changement-climatique\/5708-la-compensation-volontaire-9791029719721.html\" target=\"_blank\" rel=\"noreferrer noopener\">compenser<\/a> votre impact carbone.<\/li>\n\n\n\n<li>Et pour jouer durablement (du point de vue \u00e9conomique) &#8230; ne pas oublier une bonne <a rel=\"noreferrer noopener\" href=\"https:\/\/www.clubpoker.net\/forum-poker\/topic\/112041-th%C3%A9orie-du-brm-de-tournoi\/\" target=\"_blank\">BRM <\/a>!<\/li>\n<\/ul>\n\n\n\n<p><\/p>\n\n\n\n<p>Enfin, si vous avez une id\u00e9e \u00e0 ajouter, participez au d\u00e9bat sur le <a rel=\"noreferrer noopener\" href=\"https:\/\/www.clubpoker.net\/forum-poker\/topic\/240508-las-vegas-vegas-compensation-carbone\/\" target=\"_blank\">CP<\/a> nous l&#8217;ajouterons ici ! <\/p>\n","protected":false},"excerpt":{"rendered":"<p>Vous voulez un poker durable ? Bravo&#8230; en lisant ces pages vous avez d\u00e9j\u00e0 fait le premier pas ! Premier r\u00e9flexe&#8230; r\u00e9fl\u00e9chir ! Il n&#8217;existe pas de solution miracle. La bonne solution sera votre solution. Deuxi\u00e8me \u00e9tape&#8230; diminuer son impact ! Ensuite, vous pouvez devenir influenceur&#8230; pour populariser la cause, expliquer la d\u00e9marche aux copains&hellip; <a class=\"more-link\" href=\"https:\/\/deep-run-poker.com\/?page_id=25\">Continue reading <span class=\"screen-reader-text\">Comment agir concr\u00e8tement ?<\/span><\/a><\/p>\n","protected":false},"author":1,"featured_media":0,"parent":0,"menu_order":0,"comment_status":"closed","ping_status":"closed","template":"","meta":{"footnotes":""},"class_list":["post-25","page","type-page","status-publish","hentry","entry"],"_links":{"self":[{"href":"https:\/\/deep-run-poker.com\/index.php?rest_route=\/wp\/v2\/pages\/25","targetHints":{"allow":["GET"]}}],"collection":[{"href":"https:\/\/deep-run-poker.com\/index.php?rest_route=\/wp\/v2\/pages"}],"about":[{"href":"https:\/\/deep-run-poker.com\/index.php?rest_route=\/wp\/v2\/types\/page"}],"author":[{"embeddable":true,"href":"https:\/\/deep-run-poker.com\/index.php?rest_route=\/wp\/v2\/users\/1"}],"replies":[{"embeddable":true,"href":"https:\/\/deep-run-poker.com\/index.php?rest_route=%2Fwp%2Fv2%2Fcomments&post=25"}],"version-history":[{"count":17,"href":"https:\/\/deep-run-poker.com\/index.php?rest_route=\/wp\/v2\/pages\/25\/revisions"}],"predecessor-version":[{"id":113,"href":"https:\/\/deep-run-poker.com\/index.php?rest_route=\/wp\/v2\/pages\/25\/revisions\/113"}],"wp:attachment":[{"href":"https:\/\/deep-run-poker.com\/index.php?rest_route=%2Fwp%2Fv2%2Fmedia&parent=25"}],"curies":[{"name":"wp","href":"https:\/\/api.w.org\/{rel}","templated":true}]}}