{"id":2,"date":"2022-07-04T21:16:39","date_gmt":"2022-07-04T19:16:39","guid":{"rendered":"http:\/\/deep-run-poker.com\/?page_id=2"},"modified":"2023-03-28T13:32:57","modified_gmt":"2023-03-28T11:32:57","slug":"page-d-exemple","status":"publish","type":"page","link":"https:\/\/deep-run-poker.com\/?page_id=2","title":{"rendered":"Pourquoi le poker a t-il besoin d\u2019un DRP ?"},"content":{"rendered":"\n<p>Le but d\u2019un Disaster Recovery Plan (ou Plan de Reprise apr\u00e8s Sinistre ) est de d\u00e9tailler les actions qui doivent \u00eatre prises avant, pendant et apr\u00e8s une catastrophe naturelle ou d\u2019origine humaine. Cela doit permettre \u00e0 une organisation de limiter les cons\u00e9quences de cet \u00e9v\u00e8nement et de retourner \u00e0 un \u00e9tat d&#8217;origine.&nbsp;<\/p>\n\n\n\n<p>Bien sur, le titre est provocateur et se veut un jeu de mots avec le nom du site DRP-DeepRunPoker. Mais&#8230;<\/p>\n\n\n\n<p><strong>Si le poker est un jeu, certains le d\u00e9finissent comme un sport, absolument passionnant, par certains cot\u00e9s, il tend \u00e0 devenir hors sol. <\/strong><\/p>\n\n\n\n<p>Des casinos climatis\u00e9s les portes ouvertes, des joueurs qui parcourent le monde en avion, des bouteilles en plastique \u00e0 profusions, des serveurs informatiques \u00e9nergivores pour nos sites pr\u00e9f\u00e9r\u00e9s,&#8230; sont quelques uns des travers de notre passion.<\/p>\n\n\n\n<p>Mais la cause n&#8217;est pas perdue.<\/p>\n\n\n\n<p>Nous pouvons changer les choses.<\/p>\n\n\n\n<p>Demain, tout ne sera pas parfait, mais&#8230;<\/p>\n\n\n\n<p class=\"has-text-align-center has-large-font-size\"><strong><a href=\"https:\/\/deep-run-poker.com\/?page_id=25\" data-type=\"URL\" data-id=\"https:\/\/deep-run-poker.com\/?page_id=25\">Agissons d\u00e8s aujourd&#8217;hui<\/a> !<\/strong><\/p>\n\n\n\n<p><\/p>\n","protected":false},"excerpt":{"rendered":"<p>Le but d\u2019un Disaster Recovery Plan (ou Plan de Reprise apr\u00e8s Sinistre ) est de d\u00e9tailler les actions qui doivent \u00eatre prises avant, pendant et apr\u00e8s une catastrophe naturelle ou d\u2019origine humaine. Cela doit permettre \u00e0 une organisation de limiter les cons\u00e9quences de cet \u00e9v\u00e8nement et de retourner \u00e0 un \u00e9tat d&#8217;origine.&nbsp; Bien sur, le&hellip; <a class=\"more-link\" href=\"https:\/\/deep-run-poker.com\/?page_id=2\">Continue reading <span class=\"screen-reader-text\">Pourquoi le poker a t-il besoin d\u2019un DRP ?<\/span><\/a><\/p>\n","protected":false},"author":1,"featured_media":0,"parent":0,"menu_order":0,"comment_status":"closed","ping_status":"open","template":"","meta":{"footnotes":""},"class_list":["post-2","page","type-page","status-publish","hentry","entry"],"_links":{"self":[{"href":"https:\/\/deep-run-poker.com\/index.php?rest_route=\/wp\/v2\/pages\/2","targetHints":{"allow":["GET"]}}],"collection":[{"href":"https:\/\/deep-run-poker.com\/index.php?rest_route=\/wp\/v2\/pages"}],"about":[{"href":"https:\/\/deep-run-poker.com\/index.php?rest_route=\/wp\/v2\/types\/page"}],"author":[{"embeddable":true,"href":"https:\/\/deep-run-poker.com\/index.php?rest_route=\/wp\/v2\/users\/1"}],"replies":[{"embeddable":true,"href":"https:\/\/deep-run-poker.com\/index.php?rest_route=%2Fwp%2Fv2%2Fcomments&post=2"}],"version-history":[{"count":6,"href":"https:\/\/deep-run-poker.com\/index.php?rest_route=\/wp\/v2\/pages\/2\/revisions"}],"predecessor-version":[{"id":86,"href":"https:\/\/deep-run-poker.com\/index.php?rest_route=\/wp\/v2\/pages\/2\/revisions\/86"}],"wp:attachment":[{"href":"https:\/\/deep-run-poker.com\/index.php?rest_route=%2Fwp%2Fv2%2Fmedia&parent=2"}],"curies":[{"name":"wp","href":"https:\/\/api.w.org\/{rel}","templated":true}]}}