{"id":119,"date":"2025-09-05T22:57:15","date_gmt":"2025-09-05T20:57:15","guid":{"rendered":"https:\/\/deep-run-poker.com\/?page_id=119"},"modified":"2025-09-05T23:14:25","modified_gmt":"2025-09-05T21:14:25","slug":"que-peuvent-faire-les-casinos","status":"publish","type":"page","link":"https:\/\/deep-run-poker.com\/?page_id=119","title":{"rendered":"Que peuvent faire les casinos ?"},"content":{"rendered":"\n<p><strong>Que peut faire un casino pour am\u00e9liorer son impact environnemental  ? <\/strong><\/p>\n\n\n\n<p>Un casino est un lieu \u00e9nergivore (lumi\u00e8res, climatisation, machines, restauration\u2026), donc il y a un vrai potentiel d\u2019am\u00e9lioration environnementale. Voici des leviers concrets :<\/p>\n\n\n\n<h3 class=\"wp-block-heading\">\ud83c\udfb0 Infrastructure &amp; \u00e9nergie<\/h3>\n\n\n\n<ul class=\"wp-block-list\">\n<li><strong>\u00c9clairage LED<\/strong> et syst\u00e8mes de gestion intelligente (d\u00e9tecteurs de pr\u00e9sence, variation selon l\u2019affluence).<\/li>\n\n\n\n<li><strong>Optimisation de la climatisation et du chauffage<\/strong> : r\u00e9gulation intelligente, r\u00e9cup\u00e9ration de chaleur, ventilation naturelle quand possible.<\/li>\n\n\n\n<li><strong>\u00c9nergies renouvelables<\/strong> : panneaux solaires sur les toitures\/parkings, contrats d\u2019\u00e9lectricit\u00e9 verte.<\/li>\n\n\n\n<li><strong>Mat\u00e9riaux &amp; r\u00e9novation<\/strong> : choix de mat\u00e9riaux durables et performants lors des travaux.<\/li>\n<\/ul>\n\n\n\n<h3 class=\"wp-block-heading\">\u267b\ufe0f D\u00e9chets &amp; consommables<\/h3>\n\n\n\n<ul class=\"wp-block-list\">\n<li><strong>R\u00e9duction du plastique<\/strong> : gobelets r\u00e9utilisables, bouteilles consign\u00e9es, suppression des pailles, etc.<\/li>\n\n\n\n<li><strong>Cartes de poker &amp; jetons \u00e9co-con\u00e7us<\/strong> : recyclables ou en mat\u00e9riaux durables.<\/li>\n\n\n\n<li><strong>Recyclage syst\u00e9matique<\/strong> : tri visible et efficace (papier, verre, d\u00e9chets alimentaires).<\/li>\n<\/ul>\n\n\n\n<h3 class=\"wp-block-heading\">\ud83d\udca7 Eau &amp; restauration<\/h3>\n\n\n\n<ul class=\"wp-block-list\">\n<li><strong>Gestion de l\u2019eau<\/strong> : robinets et toilettes \u00e9conomes, r\u00e9utilisation des eaux grises pour certains usages.<\/li>\n\n\n\n<li><strong>Restauration durable<\/strong> : menus courts, produits locaux et de saison, r\u00e9duction du gaspillage alimentaire.<\/li>\n<\/ul>\n\n\n\n<h3 class=\"wp-block-heading\">\ud83d\ude97 Mobilit\u00e9<\/h3>\n\n\n\n<ul class=\"wp-block-list\">\n<li><strong>Transports doux pour les joueurs<\/strong> : partenariat avec des navettes \u00e9lectriques, bornes de recharge pour v\u00e9hicules \u00e9lectriques, incitations au covoiturage.<\/li>\n<\/ul>\n\n\n\n<h3 class=\"wp-block-heading\">\ud83d\udc65 Gouvernance &amp; sensibilisation<\/h3>\n\n\n\n<ul class=\"wp-block-list\">\n<li><strong>Communication transparente<\/strong> : affichage des \u00e9conomies d\u2019\u00e9nergie, tri des d\u00e9chets, engagements RSE.<\/li>\n\n\n\n<li><strong>Formation du personnel<\/strong> aux pratiques durables.<\/li>\n\n\n\n<li><strong>\u00c9v\u00e9nements green<\/strong> : tournois \u00ab \u00e9coresponsables \u00bb avec goodies durables, sensibilisation des joueurs.<\/li>\n<\/ul>\n\n\n\n<p>\ud83d\udc49 L\u2019avantage : un casino peut se positionner comme <strong>acteur responsable du divertissement<\/strong>. \u00c7a attire aussi une client\u00e8le nouvelle, plus sensible aux questions environnementales.<\/p>\n","protected":false},"excerpt":{"rendered":"<p>Que peut faire un casino pour am\u00e9liorer son impact environnemental ? Un casino est un lieu \u00e9nergivore (lumi\u00e8res, climatisation, machines, restauration\u2026), donc il y a un vrai potentiel d\u2019am\u00e9lioration environnementale. Voici des leviers concrets : \ud83c\udfb0 Infrastructure &amp; \u00e9nergie \u267b\ufe0f D\u00e9chets &amp; consommables \ud83d\udca7 Eau &amp; restauration \ud83d\ude97 Mobilit\u00e9 \ud83d\udc65 Gouvernance &amp; sensibilisation \ud83d\udc49 L\u2019avantage&hellip; <a class=\"more-link\" href=\"https:\/\/deep-run-poker.com\/?page_id=119\">Continue reading <span class=\"screen-reader-text\">Que peuvent faire les casinos ?<\/span><\/a><\/p>\n","protected":false},"author":1,"featured_media":0,"parent":0,"menu_order":0,"comment_status":"closed","ping_status":"closed","template":"","meta":{"footnotes":""},"class_list":["post-119","page","type-page","status-publish","hentry","entry"],"_links":{"self":[{"href":"https:\/\/deep-run-poker.com\/index.php?rest_route=\/wp\/v2\/pages\/119","targetHints":{"allow":["GET"]}}],"collection":[{"href":"https:\/\/deep-run-poker.com\/index.php?rest_route=\/wp\/v2\/pages"}],"about":[{"href":"https:\/\/deep-run-poker.com\/index.php?rest_route=\/wp\/v2\/types\/page"}],"author":[{"embeddable":true,"href":"https:\/\/deep-run-poker.com\/index.php?rest_route=\/wp\/v2\/users\/1"}],"replies":[{"embeddable":true,"href":"https:\/\/deep-run-poker.com\/index.php?rest_route=%2Fwp%2Fv2%2Fcomments&post=119"}],"version-history":[{"count":3,"href":"https:\/\/deep-run-poker.com\/index.php?rest_route=\/wp\/v2\/pages\/119\/revisions"}],"predecessor-version":[{"id":123,"href":"https:\/\/deep-run-poker.com\/index.php?rest_route=\/wp\/v2\/pages\/119\/revisions\/123"}],"wp:attachment":[{"href":"https:\/\/deep-run-poker.com\/index.php?rest_route=%2Fwp%2Fv2%2Fmedia&parent=119"}],"curies":[{"name":"wp","href":"https:\/\/api.w.org\/{rel}","templated":true}]}}